{"id":49,"date":"2017-01-17T22:31:07","date_gmt":"2017-01-17T22:31:07","guid":{"rendered":"http:\/\/www.pi-es.com\/?page_id=49"},"modified":"2019-05-20T00:27:39","modified_gmt":"2019-05-20T00:27:39","slug":"gemi-tamir-ve-bakim","status":"publish","type":"page","link":"https:\/\/pi-es.com\/?page_id=49","title":{"rendered":"Gemi Tamir ve Bak\u0131m"},"content":{"rendered":"<p><\/p>\n<h1>M\/V PROVIDENCE<\/h1>\n<p><strong>KARAYA OTURMA HASAR TAM\u0130R\u0130 &amp; HAVUZLAMA<\/strong><\/p>\n<p><img loading=\"lazy\" class=\"alignnone size-medium wp-image-201\" src=\"http:\/\/pi-es.com\/wp-content\/uploads\/2016\/11\/25-1.png\" alt=\"25-1\" width=\"300\" height=\"225\" \/> <img loading=\"lazy\" class=\"alignnone size-medium wp-image-202\" src=\"http:\/\/pi-es.com\/wp-content\/uploads\/2016\/11\/25-2.png\" alt=\"25-2\" width=\"300\" height=\"225\" \/> <img loading=\"lazy\" class=\"alignnone size-medium wp-image-203\" src=\"http:\/\/pi-es.com\/wp-content\/uploads\/2016\/11\/25-3.png\" alt=\"25-3\" width=\"300\" height=\"225\" \/> <img loading=\"lazy\" class=\"alignnone size-medium wp-image-204\" src=\"http:\/\/pi-es.com\/wp-content\/uploads\/2016\/11\/25-4.png\" alt=\"25-4\" width=\"300\" height=\"225\" \/><\/p>\n<p>&nbsp;<\/p>\n<h1>M\/V VACOUVER VICTORY<\/h1>\n<p><strong>\u00a0<\/strong><\/p>\n<p><strong>KARAYA OTURMA HASAR TAM\u0130R\u0130 &amp; HAVUZLAMA<\/strong><\/p>\n<p><img loading=\"lazy\" class=\"alignnone size-medium wp-image-206\" src=\"http:\/\/pi-es.com\/wp-content\/uploads\/2016\/11\/26-1.png\" alt=\"26-1\" width=\"300\" height=\"225\" \/> <img loading=\"lazy\" class=\"alignnone size-medium wp-image-207\" src=\"http:\/\/pi-es.com\/wp-content\/uploads\/2016\/11\/26-2.png\" alt=\"26-2\" width=\"300\" height=\"225\" \/> <img loading=\"lazy\" class=\"alignnone size-medium wp-image-208\" src=\"http:\/\/pi-es.com\/wp-content\/uploads\/2016\/11\/26-3.png\" alt=\"26-3\" width=\"300\" height=\"225\" \/> <img loading=\"lazy\" class=\"alignnone size-medium wp-image-209\" src=\"http:\/\/pi-es.com\/wp-content\/uploads\/2016\/11\/26-4.png\" alt=\"26-4\" width=\"300\" height=\"225\" \/><\/p>\n<p>&nbsp;<\/p>\n<h1>M\/V HELGOLAND<\/h1>\n<p><strong>\u00a0<\/strong><\/p>\n<p><strong>KUL\u00dcP GEM\u0130S\u0130NE D\u00d6N\u00dc\u015eT\u00dcRME<\/strong><\/p>\n<p><img loading=\"lazy\" class=\"alignnone size-medium wp-image-210\" src=\"http:\/\/pi-es.com\/wp-content\/uploads\/2016\/11\/27-1.png\" alt=\"27-1\" width=\"300\" height=\"200\" \/> <img loading=\"lazy\" class=\"alignnone size-medium wp-image-211\" src=\"http:\/\/pi-es.com\/wp-content\/uploads\/2016\/11\/27-2.png\" alt=\"27-2\" width=\"300\" height=\"198\" \/> <img loading=\"lazy\" class=\"alignnone size-medium wp-image-212\" src=\"http:\/\/pi-es.com\/wp-content\/uploads\/2016\/11\/27-3.png\" alt=\"27-3\" width=\"300\" height=\"199\" \/> <img loading=\"lazy\" class=\"alignnone size-medium wp-image-213\" src=\"http:\/\/pi-es.com\/wp-content\/uploads\/2016\/11\/27-4.png\" alt=\"27-4\" width=\"300\" height=\"201\" \/><\/p>\n<p>&nbsp;<\/p>\n<h1>M\/V MSC ADRIANA<\/h1>\n<p><strong>\u00a0<\/strong><\/p>\n<p><strong>Y\u00dcZER VAZ\u0130YETTE TAM\u0130R<\/strong><\/p>\n<p><img loading=\"lazy\" class=\"alignnone size-medium wp-image-214\" src=\"http:\/\/pi-es.com\/wp-content\/uploads\/2016\/11\/28-1.png\" alt=\"28-1\" width=\"300\" height=\"195\" \/> <img loading=\"lazy\" class=\"alignnone size-medium wp-image-215\" src=\"http:\/\/pi-es.com\/wp-content\/uploads\/2016\/11\/28-2.png\" alt=\"28-2\" width=\"300\" height=\"197\" \/> <img loading=\"lazy\" class=\"alignnone size-medium wp-image-216\" src=\"http:\/\/pi-es.com\/wp-content\/uploads\/2016\/11\/28-3.png\" alt=\"28-3\" width=\"300\" height=\"198\" \/> <img loading=\"lazy\" class=\"alignnone size-medium wp-image-217\" src=\"http:\/\/pi-es.com\/wp-content\/uploads\/2016\/11\/28-4.png\" alt=\"28-4\" width=\"300\" height=\"197\" \/><\/p>\n<p>&nbsp;<\/p>\n<h1>M\/V TAURUS<\/h1>\n<p><strong>\u00a0<\/strong><\/p>\n<p><strong>HAVUZLAMA VE \u00d6ZEL SURVEY<\/strong><\/p>\n<p><img loading=\"lazy\" class=\"alignnone size-medium wp-image-218\" src=\"http:\/\/pi-es.com\/wp-content\/uploads\/2016\/11\/29-1.png\" alt=\"29-1\" width=\"300\" height=\"201\" \/> <img loading=\"lazy\" class=\"alignnone size-medium wp-image-219\" src=\"http:\/\/pi-es.com\/wp-content\/uploads\/2016\/11\/29-2.png\" alt=\"29-2\" width=\"300\" height=\"192\" \/> <img loading=\"lazy\" class=\"alignnone size-medium wp-image-220\" src=\"http:\/\/pi-es.com\/wp-content\/uploads\/2016\/11\/29-3.png\" alt=\"29-3\" width=\"300\" height=\"209\" \/> <img loading=\"lazy\" class=\"alignnone size-medium wp-image-221\" src=\"http:\/\/pi-es.com\/wp-content\/uploads\/2016\/11\/29-4.png\" alt=\"29-4\" width=\"300\" height=\"197\" \/><\/p>","protected":false},"excerpt":{"rendered":"<p>M\/V PROVIDENCE KARAYA OTURMA HASAR TAM\u0130R\u0130 &amp; HAVUZLAMA &nbsp; M\/V VACOUVER VICTORY \u00a0 KARAYA OTURMA HASAR TAM\u0130R\u0130 &amp; HAVUZLAMA &nbsp; M\/V HELGOLAND \u00a0 KUL\u00dcP GEM\u0130S\u0130NE D\u00d6N\u00dc\u015eT\u00dcRME &nbsp; M\/V MSC ADRIANA \u00a0 Y\u00dcZER VAZ\u0130YETTE TAM\u0130R &nbsp; M\/V TAURUS \u00a0 HAVUZLAMA VE \u00d6ZEL SURVEY<\/p>\n","protected":false},"author":1,"featured_media":0,"parent":0,"menu_order":0,"comment_status":"closed","ping_status":"closed","template":"","meta":[],"_links":{"self":[{"href":"https:\/\/pi-es.com\/index.php?rest_route=\/wp\/v2\/pages\/49"}],"collection":[{"href":"https:\/\/pi-es.com\/index.php?rest_route=\/wp\/v2\/pages"}],"about":[{"href":"https:\/\/pi-es.com\/index.php?rest_route=\/wp\/v2\/types\/page"}],"author":[{"embeddable":true,"href":"https:\/\/pi-es.com\/index.php?rest_route=\/wp\/v2\/users\/1"}],"replies":[{"embeddable":true,"href":"https:\/\/pi-es.com\/index.php?rest_route=%2Fwp%2Fv2%2Fcomments&post=49"}],"version-history":[{"count":3,"href":"https:\/\/pi-es.com\/index.php?rest_route=\/wp\/v2\/pages\/49\/revisions"}],"predecessor-version":[{"id":107,"href":"https:\/\/pi-es.com\/index.php?rest_route=\/wp\/v2\/pages\/49\/revisions\/107"}],"wp:attachment":[{"href":"https:\/\/pi-es.com\/index.php?rest_route=%2Fwp%2Fv2%2Fmedia&parent=49"}],"curies":[{"name":"wp","href":"https:\/\/api.w.org\/{rel}","templated":true}]}}