{"id":35,"date":"2017-01-17T22:16:50","date_gmt":"2017-01-17T22:16:50","guid":{"rendered":"http:\/\/www.pi-es.com\/?page_id=35"},"modified":"2017-01-17T22:16:50","modified_gmt":"2017-01-17T22:16:50","slug":"hakkimizda","status":"publish","type":"page","link":"https:\/\/pi-es.com\/","title":{"rendered":"Hakk\u0131m\u0131zda"},"content":{"rendered":"<p>2000 y\u0131l\u0131, Kas\u0131m ay\u0131nda kurulan PI-ES Denizcilik A.\u015e. bug\u00fcne kadar birinci s\u0131n\u0131f Avrupal\u0131 M\u00fc\u015fteriler ile T\u00fcrkiye&#8217;de kaliteli ve g\u00fcvenilir tersaneler aras\u0131nda toplam xx yeni gemi in\u015fa s\u00f6zle\u015fmesinin imzalanmas\u0131nda rol alm\u0131\u015ft\u0131r. Bu gemilerin hepsi tam zaman\u0131nda ve M\u00fc\u015fterilerin memnuniyeti ile ba\u015far\u0131yla teslim edilmi\u015ftir. Projelerin bir\u00e7o\u011funda, PI-ES Denizcilik A.\u015e. y\u00f6netimde aktif rol alm\u0131\u015f, baz\u0131lar\u0131nda ise Gemi Sahibi ad\u0131na projenin t\u00fcm s\u00fcresi boyunca ilerlemeyi takip etmi\u015ftir. Yeni Gemi \u0130n\u015fa Proje y\u00fcr\u00fctme faaliyetlerinin ayr\u0131lmaz par\u00e7as\u0131 olan dizayn, 3D modelleme ve boru izometrileri, komple \u00e7elik konstr\u00fcksiyon haz\u0131rlama gibi t\u00fcm i\u015fler PI-ES Denizcilik A.\u015e. kendi personeli veya karde\u015f \u015firketleri veya ta\u015feronlar\u0131 taraf\u0131ndan yap\u0131lm\u0131\u015ft\u0131r.<\/p>\n<p>Gemi tamir i\u015fi de PI-ES Denizcilik A.\u015e.\u2019nin ana aktivitelerinden biri olup, D\u00fcnya ve Avrupa\u2019daki armat\u00f6rler ve brokerlerle olduk\u00e7a g\u00fc\u00e7l\u00fc ba\u011flar i\u00e7indedir. PI-ES Denizcilik A.\u015e. havuzlama, \u00c7elik, Boru yenileme, Tekne ve Tank Kumlama ve Boya, Makine onar\u0131m\u0131, Elektrik ve Elektronik onar\u0131m ve yenileme gibi onar\u0131m faaliyetlerinin t\u00fcm\u00fcn\u00fc ger\u00e7ekle\u015ftirebilir. Denizcilik A.\u015e. limanda veya gemi y\u00fczer durumdayken de onar\u0131m yapabilir.<\/p>","protected":false},"excerpt":{"rendered":"<p>2000 y\u0131l\u0131, Kas\u0131m ay\u0131nda kurulan PI-ES Denizcilik A.\u015e. bug\u00fcne kadar birinci s\u0131n\u0131f Avrupal\u0131 M\u00fc\u015fteriler ile T\u00fcrkiye&#8217;de kaliteli ve g\u00fcvenilir tersaneler aras\u0131nda toplam xx yeni gemi in\u015fa s\u00f6zle\u015fmesinin imzalanmas\u0131nda rol alm\u0131\u015ft\u0131r. Bu gemilerin hepsi tam zaman\u0131nda ve M\u00fc\u015fterilerin memnuniyeti ile ba\u015far\u0131yla teslim edilmi\u015ftir. Projelerin bir\u00e7o\u011funda, PI-ES Denizcilik A.\u015e. y\u00f6netimde aktif rol alm\u0131\u015f, baz\u0131lar\u0131nda ise Gemi Sahibi<\/p>\n<p class=\"more-link\"><a href=\"https:\/\/pi-es.com\/\" class=\"themebutton\">Read More<\/a><\/p>\n","protected":false},"author":1,"featured_media":0,"parent":0,"menu_order":0,"comment_status":"closed","ping_status":"closed","template":"","meta":[],"_links":{"self":[{"href":"https:\/\/pi-es.com\/index.php?rest_route=\/wp\/v2\/pages\/35"}],"collection":[{"href":"https:\/\/pi-es.com\/index.php?rest_route=\/wp\/v2\/pages"}],"about":[{"href":"https:\/\/pi-es.com\/index.php?rest_route=\/wp\/v2\/types\/page"}],"author":[{"embeddable":true,"href":"https:\/\/pi-es.com\/index.php?rest_route=\/wp\/v2\/users\/1"}],"replies":[{"embeddable":true,"href":"https:\/\/pi-es.com\/index.php?rest_route=%2Fwp%2Fv2%2Fcomments&post=35"}],"version-history":[{"count":1,"href":"https:\/\/pi-es.com\/index.php?rest_route=\/wp\/v2\/pages\/35\/revisions"}],"predecessor-version":[{"id":36,"href":"https:\/\/pi-es.com\/index.php?rest_route=\/wp\/v2\/pages\/35\/revisions\/36"}],"wp:attachment":[{"href":"https:\/\/pi-es.com\/index.php?rest_route=%2Fwp%2Fv2%2Fmedia&parent=35"}],"curies":[{"name":"wp","href":"https:\/\/api.w.org\/{rel}","templated":true}]}}