{"id":33,"date":"2017-01-17T22:15:56","date_gmt":"2017-01-17T22:15:56","guid":{"rendered":"http:\/\/www.pi-es.com\/?page_id=33"},"modified":"2021-07-12T10:06:43","modified_gmt":"2021-07-12T10:06:43","slug":"grup-sirketler","status":"publish","type":"page","link":"https:\/\/pi-es.com\/?page_id=33","title":{"rendered":"Grup \u015eirketler"},"content":{"rendered":"<p><\/p>\n<h3>P\u0130-ES Denizcilik A.\u015e.<\/h3>\n<p>Gemi \u0130n\u015fa, tasar\u0131m, tamir, bak\u0131m, d\u00f6n\u00fc\u015f\u00fcm ve brokerlik aktiviteleri konusunda T\u00fcrkiye\u2019nin \u00f6nde gelen \u015firketlerinden biridir.<\/p>\n<p>Tersane ve Gemi Armat\u00f6r\u00fc aras\u0131nda, her iki tarafa da fayda sa\u011flayan profesyonel bir k\u00f6pr\u00fcd\u00fcr.<\/p>\n<h3>P\u0130-ES Uluslaras\u0131 G\u00f6zetim<\/h3>\n<p>M\u00fc\u015fteriler ad\u0131na g\u00f6zetim gemi s\u00f6rveyi hizmeti ve teknik\/hassas raporlama<\/p>\n<p>Kargo, yak\u0131t, kondisyon, on-hire, off-hire, draft s\u00f6rveyleri<\/p>\n<h3>P\u0130-ES Denizcilik Ltd. Birle\u015fik Krall\u0131k Bran\u015f Ofisi<\/h3>\n<p>T\u00fcm hizmetlerimizi (Gemi \u0130n\u015fa, tasar\u0131m, tamir, bak\u0131m, d\u00f6n\u00fc\u015f\u00fcm ve brokerlik) \u0130ngiltere ve civar\u0131 b\u00f6lgelerde vermek, yurtd\u0131\u015f\u0131 ba\u011flant\u0131lar\u0131m\u0131z\u0131n organizesi, aktivitelerimizi \u0130ngiltere ve \u00e7evresinde geni\u015fletme amac\u0131yla kurulmu\u015ftur.<\/p>\n<h3>ES-CAD M\u00fchendislik<\/h3>\n<p>Konsept, temel ve detayl\u0131 tasar\u0131m hizmetleri vermektedir.<\/p>\n<p>Teknik \u015fartname ve genel plan haz\u0131rlama, 3D Modelleme, nesting ve izometrik i\u015f\u00e7ilik resimler i<\/p>\n<p>Fizibilite, optimizasyon ve maliyet analizleri yapmaktad\u0131r.<\/p>\n<h3>HES Deniz Tarama A.\u015e.<\/h3>\n<p>\u0130skele, liman, g\u00f6l ve s\u0131\u011f alanlarda tarama ve sualt\u0131 kazma i\u015fleri<\/p>\n<p>Dalgak\u0131ran ve iskele in\u015faat\u0131, Deniz taban\u0131 tesviye, Boru ve kablo d\u00f6\u015feme ve Dal\u0131\u015f hizmetleri<\/p>\n<p><a href=\"http:\/\/www.hesdeniz.com\">www.hesdeniz.com<\/a><\/p>","protected":false},"excerpt":{"rendered":"<p>P\u0130-ES Denizcilik A.\u015e. Gemi \u0130n\u015fa, tasar\u0131m, tamir, bak\u0131m, d\u00f6n\u00fc\u015f\u00fcm ve brokerlik aktiviteleri konusunda T\u00fcrkiye\u2019nin \u00f6nde gelen \u015firketlerinden biridir. Tersane ve Gemi Armat\u00f6r\u00fc aras\u0131nda, her iki tarafa da fayda sa\u011flayan profesyonel bir k\u00f6pr\u00fcd\u00fcr. P\u0130-ES Uluslaras\u0131 G\u00f6zetim M\u00fc\u015fteriler ad\u0131na g\u00f6zetim gemi s\u00f6rveyi hizmeti ve teknik\/hassas raporlama Kargo, yak\u0131t, kondisyon, on-hire, off-hire, draft s\u00f6rveyleri P\u0130-ES Denizcilik Ltd. Birle\u015fik<\/p>\n<p class=\"more-link\"><a href=\"https:\/\/pi-es.com\/?page_id=33\" class=\"themebutton\">Read More<\/a><\/p>\n","protected":false},"author":1,"featured_media":0,"parent":0,"menu_order":0,"comment_status":"closed","ping_status":"closed","template":"","meta":[],"_links":{"self":[{"href":"https:\/\/pi-es.com\/index.php?rest_route=\/wp\/v2\/pages\/33"}],"collection":[{"href":"https:\/\/pi-es.com\/index.php?rest_route=\/wp\/v2\/pages"}],"about":[{"href":"https:\/\/pi-es.com\/index.php?rest_route=\/wp\/v2\/types\/page"}],"author":[{"embeddable":true,"href":"https:\/\/pi-es.com\/index.php?rest_route=\/wp\/v2\/users\/1"}],"replies":[{"embeddable":true,"href":"https:\/\/pi-es.com\/index.php?rest_route=%2Fwp%2Fv2%2Fcomments&post=33"}],"version-history":[{"count":7,"href":"https:\/\/pi-es.com\/index.php?rest_route=\/wp\/v2\/pages\/33\/revisions"}],"predecessor-version":[{"id":164,"href":"https:\/\/pi-es.com\/index.php?rest_route=\/wp\/v2\/pages\/33\/revisions\/164"}],"wp:attachment":[{"href":"https:\/\/pi-es.com\/index.php?rest_route=%2Fwp%2Fv2%2Fmedia&parent=33"}],"curies":[{"name":"wp","href":"https:\/\/api.w.org\/{rel}","templated":true}]}}