{"id":29,"date":"2017-01-17T22:12:19","date_gmt":"2017-01-17T22:12:19","guid":{"rendered":"http:\/\/www.pi-es.com\/?page_id=29"},"modified":"2021-07-12T10:38:03","modified_gmt":"2021-07-12T10:38:03","slug":"haberler","status":"publish","type":"page","link":"https:\/\/pi-es.com\/?page_id=29","title":{"rendered":"Haberler"},"content":{"rendered":"<p>1- \u00c7eksan Tersanesinde broker ve armat\u00f6r temsilcisi olarak g\u00f6rev yapt\u0131\u011f\u0131m\u0131z M\/V Ronja Supporter canl\u0131 bal\u0131k gemisi Norve\u00e7li armat\u00f6r AAS MEK firmas\u0131na teslim edilmi\u015ftir.\u00a0<strong>Mart 2016<\/strong><\/p>\n<p><img loading=\"lazy\" class=\"alignnone size-medium wp-image-76\" src=\"http:\/\/pi-es.com\/wp-content\/uploads\/2016\/11\/haber1.png\" alt=\"haber1\" width=\"300\" height=\"225\" \/><\/p>\n<p>2-<\/p>\n<p>HES DEN\u0130Z TARAMA \u015firketi; iskele, liman, g\u00f6l ve s\u0131\u011f alanlarda tarama ve sualt\u0131 kazma i\u015fleri, dalgak\u0131ran ve iskele in\u015faat\u0131, deniz taban\u0131 tesviye, boru ve kablo d\u00f6\u015feme ve dal\u0131\u015f konular\u0131nda hizmet vermek i\u00e7in PI-ES Denizcili\u011fin karde\u015f \u015firketi olarak Temmuz 2016 tarihinde kurulmu\u015ftur.<\/p>\n<p><a href=\"http:\/\/www.hesdeniz.com\/\">www.hesdeniz.com<\/a><\/p>\n<p><img loading=\"lazy\" class=\"alignnone size-medium wp-image-77\" src=\"http:\/\/pi-es.com\/wp-content\/uploads\/2016\/11\/haber2-2.png\" alt=\"haber2-2\" width=\"300\" height=\"169\" \/>\u00a0<img loading=\"lazy\" class=\"alignnone size-medium wp-image-78\" src=\"http:\/\/pi-es.com\/wp-content\/uploads\/2016\/11\/haber2.png\" alt=\"haber2\" width=\"300\" height=\"169\" \/><\/p>\n<p>3-<\/p>\n<p>UN RORO\u2019nun gemi boyu uzatma projesinde, PI-ES Denizcilik projenin Tersanedeki kontrol\u00fc i\u00e7in Armat\u00f6r Temsilcisi temin etmi\u015ftir.<\/p>\n<p>Tuzla Gemi Tersanesinde ba\u015flayan iki adet Roro gemisinin (UN Akdeniz ve C\u00fcneyt Solako\u011flu) boylar\u0131n\u0131n 30 metre uzat\u0131larak, ta\u015f\u0131ma kapasitelerinin % 17 art\u0131r\u0131lmas\u0131 planlanm\u0131\u015ft\u0131r.\u00a0<u>Eyl\u00fcl 2016<\/u><\/p>\n<p><a href=\"http:\/\/www.hurriyet.com.tr\/8-gemisinin-boyunu-uzatacak-40147811\">http:\/\/www.hurriyet.com.tr\/8-gemisinin-boyunu-uzatacak-40147811<\/a><\/p>\n<p><img loading=\"lazy\" class=\"alignnone size-medium wp-image-79\" src=\"http:\/\/pi-es.com\/wp-content\/uploads\/2016\/11\/haber3_2.png\" alt=\"haber3_2\" width=\"300\" height=\"225\" \/>\u00a0<img loading=\"lazy\" class=\"alignnone size-medium wp-image-80\" src=\"http:\/\/pi-es.com\/wp-content\/uploads\/2016\/11\/haber3_3.png\" alt=\"haber3_3\" width=\"300\" height=\"225\" \/><\/p>\n<p><img loading=\"lazy\" class=\"alignnone size-medium wp-image-81\" src=\"http:\/\/pi-es.com\/wp-content\/uploads\/2016\/11\/haber3_4.png\" alt=\"haber3_4\" width=\"300\" height=\"225\" \/>\u00a0<img loading=\"lazy\" class=\"alignnone size-medium wp-image-82\" src=\"http:\/\/pi-es.com\/wp-content\/uploads\/2016\/11\/haber3.png\" alt=\"haber3\" width=\"300\" height=\"200\" \/><\/p>\n<p>&nbsp;<\/p>\n<p>4-\u00a0\u00a0\u2018Gemi in\u015fas\u0131 ve tamiri ile alakal\u0131 g\u00f6zetim ve kontrol hizmetleri vermek \u00fczere uzmanla\u015ft\u0131k\u2019 <em><strong>Temmuz 2021<\/strong><\/em><\/p>\n<p><a href=\"https:\/\/www.denizbulten.com\/haber-gemi-insasi-ve-tamiri-ile-alakali-gozetim-ve-kontrol-hizmetleri-vermek-uzere-uzmanlastik-35263.html\" target=\"_blank\"><img loading=\"lazy\" class=\"alignnone wp-image-171 size-medium\" src=\"http:\/\/www.pi-es.com\/wp-content\/uploads\/2017\/01\/enginsezen-1-300x175.jpg\" width=\"300\" height=\"175\" srcset=\"https:\/\/pi-es.com\/wp-content\/uploads\/2017\/01\/enginsezen-1-300x175.jpg 300w, https:\/\/pi-es.com\/wp-content\/uploads\/2017\/01\/enginsezen-1-768x448.jpg 768w, https:\/\/pi-es.com\/wp-content\/uploads\/2017\/01\/enginsezen-1.jpg 845w\" sizes=\"(max-width: 300px) 100vw, 300px\" \/><\/a><\/p>\n<p><a href=\"https:\/\/www.denizbulten.com\/haber-gemi-insasi-ve-tamiri-ile-alakali-gozetim-ve-kontrol-hizmetleri-vermek-uzere-uzmanlastik-35263.html\" target=\"_blank\">https:\/\/www.denizbulten.com\/haber-gemi-insasi-ve-tamiri-ile-alakali-gozetim-ve-kontrol-hizmetleri-vermek-uzere-uzmanlastik-35263.html<\/a><\/p>","protected":false},"excerpt":{"rendered":"<p>1- \u00c7eksan Tersanesinde broker ve armat\u00f6r temsilcisi olarak g\u00f6rev yapt\u0131\u011f\u0131m\u0131z M\/V Ronja Supporter canl\u0131 bal\u0131k gemisi Norve\u00e7li armat\u00f6r AAS MEK firmas\u0131na teslim edilmi\u015ftir.\u00a0Mart 2016 2- HES DEN\u0130Z TARAMA \u015firketi; iskele, liman, g\u00f6l ve s\u0131\u011f alanlarda tarama ve sualt\u0131 kazma i\u015fleri, dalgak\u0131ran ve iskele in\u015faat\u0131, deniz taban\u0131 tesviye, boru ve kablo d\u00f6\u015feme ve dal\u0131\u015f konular\u0131nda hizmet<\/p>\n<p class=\"more-link\"><a href=\"https:\/\/pi-es.com\/?page_id=29\" class=\"themebutton\">Read More<\/a><\/p>\n","protected":false},"author":1,"featured_media":0,"parent":0,"menu_order":0,"comment_status":"closed","ping_status":"closed","template":"","meta":[],"_links":{"self":[{"href":"https:\/\/pi-es.com\/index.php?rest_route=\/wp\/v2\/pages\/29"}],"collection":[{"href":"https:\/\/pi-es.com\/index.php?rest_route=\/wp\/v2\/pages"}],"about":[{"href":"https:\/\/pi-es.com\/index.php?rest_route=\/wp\/v2\/types\/page"}],"author":[{"embeddable":true,"href":"https:\/\/pi-es.com\/index.php?rest_route=\/wp\/v2\/users\/1"}],"replies":[{"embeddable":true,"href":"https:\/\/pi-es.com\/index.php?rest_route=%2Fwp%2Fv2%2Fcomments&post=29"}],"version-history":[{"count":17,"href":"https:\/\/pi-es.com\/index.php?rest_route=\/wp\/v2\/pages\/29\/revisions"}],"predecessor-version":[{"id":181,"href":"https:\/\/pi-es.com\/index.php?rest_route=\/wp\/v2\/pages\/29\/revisions\/181"}],"wp:attachment":[{"href":"https:\/\/pi-es.com\/index.php?rest_route=%2Fwp%2Fv2%2Fmedia&parent=29"}],"curies":[{"name":"wp","href":"https:\/\/api.w.org\/{rel}","templated":true}]}}